{"id":957,"date":"2019-10-26T18:17:29","date_gmt":"2019-10-26T16:17:29","guid":{"rendered":"https:\/\/betz-gebaeude-service.de\/?page_id=957"},"modified":"2024-12-19T12:43:47","modified_gmt":"2024-12-19T11:43:47","slug":"leistungen","status":"publish","type":"page","link":"https:\/\/betz-gebaeude-service.de\/index.php\/leistungen\/","title":{"rendered":"Leistungen"},"content":{"rendered":"<section class=\"wpb-content-wrapper\"><p>[vc_row][vc_column][vc_empty_space][vc_tta_tour active_section=&#8220;1&#8243; el_class=&#8220;DecoFont&#8220;][vc_tta_section title=&#8220;Geb\u00e4udereinigung&#8220; tab_id=&#8220;1576325015994-a5782b5c-4e76&#8243;][vc_row_inner][vc_column_inner width=&#8220;1\/2&#8243;][vc_column_text el_class=&#8220;DecoFont&#8220;]<\/p>\n<h3 class=\"n module-type-header diyfeLiveArea \"><strong>Geb\u00e4udereinigung<\/strong><\/h3>\n<div class=\"n module-type-header diyfeLiveArea \">\n<p>&nbsp;<\/p>\n<p>Wir reinigen und pflegen Ihre WEGs im gesamten Landkreis G\u00f6ppingen.<br \/>\nGerne k\u00f6nnen Sie uns jederzeit und unverbindlich kontaktieren.<\/p>\n<p>&nbsp;<\/p>\n<h5><strong>Unterhaltsreinigung:<\/strong><\/h5>\n<ul>\n<li><span style=\"font-weight: 400;\">Reinigung der Treppenh\u00e4user sowie G<\/span><span style=\"font-weight: 400;\">emeinschafts- und Kellerr\u00e4ume<\/span><\/li>\n<li><span style=\"font-weight: 400;\">Reinigung der Briefkasten- und Klingelanlagen<\/span><\/li>\n<li><span style=\"font-weight: 400;\">Reinigung der Aufzugskabinen<\/span><\/li>\n<\/ul>\n<\/div>\n<p>&nbsp;<\/p>\n<div class=\"n module-type-header diyfeLiveArea \">\n<p>Wir f\u00fchren regelm\u00e4\u00dfige Unterhaltsreinigungen durch.<br \/>\nDabei reinigen wir t\u00e4glich, w\u00f6chentlich oder nach Ihren individuellen W\u00fcnschen.<\/p>\n<p>&nbsp;<\/p>\n<p>Seit Anfang 2021 besitzen wir eine gewerbliche Waschmaschine von STAHL.<br \/>\nMit dieser waschen wir nicht nur unsere Mikrofaser-Wischbez\u00fcge, sondern desinfizieren sie nach Empfehlung des RKI und bereiten sie mit entsprechenden Reinigungsmitteln auf. Die Dosieranlage von KIEHL hilft uns bei der Reinigungsmitteldosierung, so dass es zu keiner Unter- oder \u00dcberdosierung kommt. (Bilder dazu finden Sie in unserer Galerie.)<br \/>\nSomit leisten wir einen erheblichen Beitrag zum Schutz der Umwelt.<\/p>\n<\/div>\n<p>&nbsp;<\/p>\n<div class=\"n module-type-header diyfeLiveArea \">\n<h5><strong>Au\u00dfenreinigung:<\/strong><\/h5>\n<ul>\n<li><span style=\"font-weight: 400;\">Sauberhalten der Au\u00dfenanlagen<\/span><\/li>\n<li><span style=\"font-weight: 400;\">Kehren der Zugangs- und Gehwege von Hand bzw. mit Maschinen\u00a0<\/span><\/li>\n<li><span style=\"font-weight: 400;\">Entfernung von Unkraut vor dem Eingangsbereich<\/span><\/li>\n<li><span style=\"font-weight: 400;\">Kehren der Tiefgarage<\/span><\/li>\n<li><span style=\"font-weight: 400;\">Reinigung von Birco-Rinnen<\/span><\/li>\n<li><span style=\"font-weight: 400;\">Entfernung vom Laub<\/span><\/li>\n<li><span style=\"font-weight: 400;\">Umweltfreundliche Reinigung von M\u00fcllcontainern bzw. -tonnen<\/span><\/li>\n<li><span style=\"font-weight: 400;\">Dachrinnenreinigung<\/span><\/li>\n<\/ul>\n<p>Gr\u00f6\u00dfere Fl\u00e4chen reinigen wir mithilfe unserer Hako-Kommunalkehrmaschine.<\/p>\n<\/div>\n<p>[\/vc_column_text][vc_empty_space][vc_gallery type=&#8220;image_grid&#8220; images=&#8220;1653,1654&#8243;][vc_empty_space][\/vc_column_inner][vc_column_inner width=&#8220;1\/2&#8243;][\/vc_column_inner][\/vc_row_inner][\/vc_tta_section][vc_tta_section title=&#8220;Glasreinigung \/ Fensterreinigung&#8220; tab_id=&#8220;1576325015528-2af024b8-74b0&#8243;][vc_row_inner][vc_column_inner width=&#8220;1\/2&#8243;][vc_column_text]<\/p>\n<div class=\"n module-type-header diyfeLiveArea \">\n<h3><strong>Wir sorgen f\u00fcr eine freie Sicht!<\/strong><\/h3>\n<p>&nbsp;<\/p>\n<p><span style=\"font-weight: 400;\">Wir scheuen keine H\u00f6hen und finden auch f\u00fcr schwer erreichbare Stellen eine L\u00f6sung.<\/span><\/p>\n<\/div>\n<p>&nbsp;<\/p>\n<p><strong>Zu unserer Glasreinigung geh\u00f6ren:<\/strong><\/p>\n<div class=\"n module-type-header diyfeLiveArea \">\n<ul>\n<li><span style=\"font-weight: 400;\">Reinigung von Fenstern mit und ohne Rahmen <\/span><\/li>\n<li><span style=\"font-weight: 400;\">Reinigung von Glasw\u00e4nden <\/span><\/li>\n<li><span style=\"font-weight: 400;\">Reinigung von Glastrennw\u00e4nden<\/span><\/li>\n<li><span style=\"font-weight: 400;\">Reinigung von Glasd\u00e4chern<\/span><\/li>\n<\/ul>\n<p>Ihre Fenstern bzw. Glasfassaden k\u00f6nnen auch<span style=\"font-weight: 400;\"> mithilfe externer Arbeitsb\u00fchnen und unserem Stangensystem (mit entmineralisiertem Wasser) gereinigt werden.\u00a0<\/span><\/p>\n<\/div>\n<p>&nbsp;<\/p>\n<p>Wir sind uns unserer Verantwortung als Arbeitgeber bewusst.<\/p>\n<p><strong>Die Sicherheit unserer Mitarbeiter*innen und die Einhaltung der gesetzlichen Unfallverh\u00fctungsvorschriften haben f\u00fcr uns bei jeder Glasreinigung absolute Priorit\u00e4t.<\/strong>[\/vc_column_text][vc_empty_space][vc_gallery type=&#8220;image_grid&#8220; images=&#8220;1666,1676,1677,1667,1673,1672,1668,1669,1671&#8243;][vc_empty_space][\/vc_column_inner][vc_column_inner width=&#8220;1\/2&#8243;][\/vc_column_inner][\/vc_row_inner][\/vc_tta_section][vc_tta_section title=&#8220;Sonderreinigung&#8220; tab_id=&#8220;1576325014998-c8dac37f-e514&#8243;][vc_row_inner content_placement=&#8220;middle&#8220;][vc_column_inner width=&#8220;2\/3&#8243;][vc_column_text]<\/p>\n<div class=\"n module-type-header diyfeLiveArea \">\n<h3 style=\"text-align: left;\"><strong>Sonderreinigung<\/strong><\/h3>\n<\/div>\n<p>&nbsp;<\/p>\n<p>Neben unseren Standardleistungen, wie Unterhalts- und Au\u00dfenreinigung, bieten wir auch Sonderreinigungen an.<\/p>\n<p>&nbsp;<\/p>\n<div class=\"n module-type-header diyfeLiveArea \">\n<p><strong>Zu unserem Leistungsspektrum geh\u00f6ren u.a.:<\/strong><\/p>\n<ul>\n<li><span style=\"font-weight: 400;\">\u00a0Grundreinigung\u00a0<\/span><\/li>\n<li><span style=\"font-weight: 400;\">\u00a0Fassadenreinigung<\/span><\/li>\n<li><span style=\"font-weight: 400;\">\u00a0Jalousienreinigung<\/span><\/li>\n<li><span style=\"font-weight: 400;\">\u00a0Tiefgaragenreinigung<\/span><\/li>\n<li><span style=\"font-weight: 400;\">\u00a0Parkplatz- \/ Au\u00dfenfl\u00e4chenreinigung<\/span><\/li>\n<li><span style=\"font-weight: 400;\">\u00a0Kaugummientfernung<\/span><\/li>\n<li><span style=\"font-weight: 400;\">\u00a0Graffitientfernung<\/span><\/li>\n<li><span style=\"font-weight: 400;\">\u00a0Briekastenreinigung und -beschriftung<\/span><\/li>\n<\/ul>\n<\/div>\n<p>[\/vc_column_text][vc_empty_space][vc_empty_space][vc_column_text]<\/p>\n<p style=\"text-align: left;\"><strong>Vorher-Nachher-Bilder <\/strong><\/p>\n<p>&nbsp;<\/p>\n<p>&nbsp;<\/p>\n<p>Reinigung und Neubeschriftung von Briefkastenanlagen[\/vc_column_text][vc_gallery type=&#8220;image_grid&#8220; images=&#8220;1649,1650,1651,1652&#8243;][vc_empty_space][vc_column_text]TG-Reinigung[\/vc_column_text][vc_gallery type=&#8220;image_grid&#8220; images=&#8220;1694,1695,1692,1693&#8243;][vc_empty_space][vc_column_text]Reinigung von Sitzb\u00e4nken mit Hei\u00dfwassertrailer[\/vc_column_text][vc_gallery type=&#8220;image_grid&#8220; images=&#8220;1658,1661,1660,1659&#8243;][vc_empty_space][\/vc_column_inner][vc_column_inner width=&#8220;1\/3&#8243;][\/vc_column_inner][\/vc_row_inner][\/vc_tta_section][vc_tta_section title=&#8220;Hausmeisterservice&#8220; tab_id=&#8220;1576325014436-722f8c3e-a324&#8243;][vc_row_inner][vc_column_inner][vc_column_text]<\/p>\n<div class=\"n module-type-header diyfeLiveArea \">\n<h3><strong>Haustechnik<\/strong><\/h3>\n<\/div>\n<p>&nbsp;<\/p>\n<div class=\"n module-type-header diyfeLiveArea \">\n<p><span style=\"font-weight: 400;\">Unsere Haustechniker*innen erledigen kleinere handwerkliche Reparaturen oder koordinieren die Beauftragung und Beaufsichtigung der erforderlichen Arbeiten durch den jeweiligen Fachbetrieb.<\/span><\/p>\n<p>&nbsp;<\/p>\n<p><span style=\"font-weight: 400;\">Des Weiteren behalten wir Ihre technischen Anlagen im Blick (monatliche Kontrolle de<\/span><span style=\"font-weight: 400;\">r Heizung, L\u00fcftung, Beleuchtung, Pumpen, &#8230;) und \u00fcbernehmen das Ablesen Ihrer Z\u00e4hlerst\u00e4nde.<\/span><\/p>\n<p>&nbsp;<\/p>\n<p>Gerne stellen wir auch Ihre Obert\u00fcrschlie\u00dfer ein.<\/p>\n<\/div>\n<p>&nbsp;<\/p>\n<p>Zudem bieten wir Ihnen eine Notrufbereitschaft an.[\/vc_column_text][\/vc_column_inner][\/vc_row_inner][\/vc_tta_section][vc_tta_section title=&#8220;Gr\u00fcnpflege&#8220; tab_id=&#8220;1576325013973-abf5e0b8-1f62&#8243;][vc_row_inner][vc_column_inner width=&#8220;1\/2&#8243;][vc_column_text]<\/p>\n<div class=\"n module-type-header diyfeLiveArea \">\n<h3><strong>Fachgerechte Pflege rund ums Haus!<\/strong><\/h3>\n<p><span style=\"font-weight: 400;\">\u00a0<\/span><\/p>\n<p><strong>Wir f\u00fchren aus:<\/strong><\/p>\n<ul>\n<li><span style=\"font-weight: 400;\">Hochdruckreinigung<\/span><\/li>\n<li><span style=\"font-weight: 400;\">Pflanzenpflege, Schnitt, D\u00fcngung<\/span><\/li>\n<li><span style=\"font-weight: 400;\">Rasen- und Rabattpflege<\/span><\/li>\n<li><span style=\"font-weight: 400;\">Unkrautbeseitigung ohne Gift<\/span><\/li>\n<li><span style=\"font-weight: 400;\">Heckenschnitt<\/span><\/li>\n<li><span style=\"font-weight: 400;\">Beregnungsanlagen\/ Bew\u00e4sserungsautomatik<\/span><\/li>\n<li><span style=\"font-weight: 400;\">etc.\u00a0<\/span><\/li>\n<\/ul>\n<p>&nbsp;<\/p>\n<p><strong>Wir entsorgen:<\/strong><\/p>\n<ul>\n<li><span style=\"font-weight: 400;\">Gr\u00fcnschnitt<\/span><\/li>\n<li><span style=\"font-weight: 400;\">Laub<\/span><\/li>\n<li><span style=\"font-weight: 400;\">Betonbruch<\/span><\/li>\n<li><span style=\"font-weight: 400;\">Steine<\/span><\/li>\n<li><span style=\"font-weight: 400;\">Baum\/Stammschnitt<\/span><\/li>\n<li><span style=\"font-weight: 400;\">Holz\u00a0<\/span><\/li>\n<\/ul>\n<p><span style=\"font-weight: 400;\">Wenn Sie Fragen haben zu dem Thema Gr\u00fcnpflege, dann beraten wir Sie gerne in Zusammenarbeit mit unserem Partnerunternehmen und Baumsachverst\u00e4ndigen, vor Ort oder telefonisch.\u00a0\u00a0<\/span><\/p>\n<\/div>\n<p>[\/vc_column_text][vc_empty_space][vc_gallery type=&#8220;image_grid&#8220; images=&#8220;1679,1680,1681,1683,1684,1687,1686,1688,1690&#8243;][vc_empty_space][\/vc_column_inner][vc_column_inner width=&#8220;1\/2&#8243;][\/vc_column_inner][\/vc_row_inner][\/vc_tta_section][vc_tta_section title=&#8220;Winterdienst&#8220; tab_id=&#8220;1576325013325-3f3ca411-09fe&#8220;][vc_row_inner][vc_column_inner width=&#8220;1\/2&#8243;][vc_column_text]<\/p>\n<h3><strong>Wir sind 24\/7 erreichbar und einsatzbereit!<\/strong><\/h3>\n<p>&nbsp;<\/p>\n<p><strong>Leistungen:<\/strong><\/p>\n<ul>\n<li><span style=\"font-weight: 400;\">R\u00e4umen und Streuen v<\/span><span style=\"font-weight: 400;\">on Hauseing\u00e4ngen, Zufahrten, Tiefgarageneinfahrten, Treppen und Gehwegen &#8211; von Hand oder mit Maschinen<\/span><\/li>\n<li><span style=\"font-weight: 400;\">Schneeverlagerung und Schneeabfuhr<\/span><\/li>\n<li><span style=\"font-weight: 400;\">R\u00e4umen und Streuen von Firmengel\u00e4nden und gro\u00dfen Parkfl\u00e4chen mit Traktoren &#8211; von klein bis gro\u00df!<\/span><\/li>\n<\/ul>\n<p>[\/vc_column_text][vc_empty_space][vc_gallery type=&#8220;image_grid&#8220; images=&#8220;1662,1663&#8243;][vc_gallery type=&#8220;image_grid&#8220; images=&#8220;1365,1366&#8243;][vc_empty_space][\/vc_column_inner][vc_column_inner width=&#8220;1\/2&#8243;][\/vc_column_inner][\/vc_row_inner][\/vc_tta_section][vc_tta_section title=&#8220;Garten- und Hofarbeiten&#8220; tab_id=&#8220;1576325012860-58e663a7-d405&#8243;][vc_row_inner][vc_column_inner width=&#8220;1\/2&#8243;][vc_column_text]<\/p>\n<div class=\"n module-type-header diyfeLiveArea \">\n<h3><strong>Hofarbeiten <\/strong><\/h3>\n<\/div>\n<p>&nbsp;<\/p>\n<div class=\"n module-type-header diyfeLiveArea \">\n<p><strong>Dazu geh\u00f6ren:<\/strong><\/p>\n<ul>\n<li><span style=\"font-weight: 400;\">Pflasterarbeiten<\/span><\/li>\n<li><span style=\"font-weight: 400;\">Markierungsarbeiten<\/span><\/li>\n<li><span style=\"font-weight: 400;\">Reparatur von Asphalt<\/span><\/li>\n<\/ul>\n<\/div>\n<p>[\/vc_column_text][vc_empty_space][vc_gallery type=&#8220;image_grid&#8220; images=&#8220;1697,1698,1699&#8243;][vc_gallery type=&#8220;image_grid&#8220; images=&#8220;1497,1498,1500&#8243;][vc_empty_space][\/vc_column_inner][vc_column_inner width=&#8220;1\/2&#8243;][\/vc_column_inner][\/vc_row_inner][\/vc_tta_section][vc_tta_section title=&#8220;Spielpl\u00e4tze&#8220; tab_id=&#8220;1576325012253-1afc3267-a223&#8243;][vc_empty_space][vc_row_inner][vc_column_inner width=&#8220;1\/2&#8243;][vc_column_text]<\/p>\n<div class=\"n module-type-header diyfeLiveArea \">\n<h3><strong>Spielpl\u00e4tze<\/strong><\/h3>\n<p>&nbsp;<\/p>\n<p><strong>Wir bieten an:<\/strong><\/p>\n<ul>\n<li>Beratung, Vermittlung und Verkauf von Spielger\u00e4ten und Stadtm\u00f6beln<br \/>\nvon zertifizierten Herstellern<\/li>\n<li>Anlegen von Spielpl\u00e4tzen<\/li>\n<li>Aufbau und Reparaturen einzelner Spielger\u00e4te und Stadtm\u00f6beln<\/li>\n<li>Abnahme der Spielger\u00e4te durch unsere gepr\u00fcfte Sachverst\u00e4ndige<\/li>\n<\/ul>\n<\/div>\n<p>[\/vc_column_text][vc_empty_space][vc_single_image image=&#8220;1434&#8243;][vc_empty_space][vc_column_text]<strong>Unsere Nachweise:<\/strong>[\/vc_column_text][vc_gallery type=&#8220;image_grid&#8220; images=&#8220;1311,1312,1313&#8243;][\/vc_column_inner][vc_column_inner width=&#8220;1\/2&#8243;][\/vc_column_inner][\/vc_row_inner][\/vc_tta_section][vc_tta_section title=&#8220;Einsatz Feuerwehrfahrzeug&#8220; tab_id=&#8220;1576325010646-60325656-bb65&#8243;][vc_row_inner][vc_column_inner width=&#8220;1\/2&#8243;][vc_column_text]<\/p>\n<div class=\"n module-type-header diyfeLiveArea \">\n<h3>Unser Feuerwehrfahrzeug<\/h3>\n<\/div>\n<p>&nbsp;<\/p>\n<p><strong>Was wir machen k\u00f6nnen:<\/strong><\/p>\n<div class=\"n module-type-header diyfeLiveArea \">\n<ul>\n<li><span style=\"font-weight: 400;\">Pumparbeiten<\/span><\/li>\n<li><span style=\"font-weight: 400;\">Bew\u00e4sserung<\/span><\/li>\n<\/ul>\n<\/div>\n<p>[\/vc_column_text][vc_empty_space][vc_gallery type=&#8220;image_grid&#8220; images=&#8220;1460,1463,1461,1464,1462,1466&#8243;][\/vc_column_inner][vc_column_inner width=&#8220;1\/2&#8243;][\/vc_column_inner][\/vc_row_inner][\/vc_tta_section][\/vc_tta_tour][\/vc_column][\/vc_row]<\/p>\n<\/section>","protected":false},"excerpt":{"rendered":"<p>[vc_row][vc_column][vc_empty_space][vc_tta_tour active_section=&#8220;1&#8243; el_class=&#8220;DecoFont&#8220;][vc_tta_section title=&#8220;Geb\u00e4udereinigung&#8220; tab_id=&#8220;1576325015994-a5782b5c-4e76&#8243;][vc_row_inner][vc_column_inner width=&#8220;1\/2&#8243;][vc_column_text el_class=&#8220;DecoFont&#8220;] Geb\u00e4udereinigung &nbsp; Wir reinigen und pflegen Ihre WEGs im gesamten Landkreis G\u00f6ppingen. Gerne k\u00f6nnen Sie uns jederzeit und unverbindlich kontaktieren. &nbsp; Unterhaltsreinigung: Reinigung der Treppenh\u00e4user sowie Gemeinschafts- und Kellerr\u00e4ume Reinigung der Briefkasten- und Klingelanlagen Reinigung der Aufzugskabinen &nbsp; Wir f\u00fchren regelm\u00e4\u00dfige Unterhaltsreinigungen durch. Dabei reinigen wir t\u00e4glich, w\u00f6chentlich<\/p>\n","protected":false},"author":1,"featured_media":0,"parent":0,"menu_order":0,"comment_status":"closed","ping_status":"closed","template":"","meta":{"_monsterinsights_skip_tracking":false,"_monsterinsights_sitenote_active":false,"_monsterinsights_sitenote_note":"","_monsterinsights_sitenote_category":0,"footnotes":""},"class_list":["post-957","page","type-page","status-publish","hentry"],"_links":{"self":[{"href":"https:\/\/betz-gebaeude-service.de\/index.php\/wp-json\/wp\/v2\/pages\/957","targetHints":{"allow":["GET"]}}],"collection":[{"href":"https:\/\/betz-gebaeude-service.de\/index.php\/wp-json\/wp\/v2\/pages"}],"about":[{"href":"https:\/\/betz-gebaeude-service.de\/index.php\/wp-json\/wp\/v2\/types\/page"}],"author":[{"embeddable":true,"href":"https:\/\/betz-gebaeude-service.de\/index.php\/wp-json\/wp\/v2\/users\/1"}],"replies":[{"embeddable":true,"href":"https:\/\/betz-gebaeude-service.de\/index.php\/wp-json\/wp\/v2\/comments?post=957"}],"version-history":[{"count":145,"href":"https:\/\/betz-gebaeude-service.de\/index.php\/wp-json\/wp\/v2\/pages\/957\/revisions"}],"predecessor-version":[{"id":1700,"href":"https:\/\/betz-gebaeude-service.de\/index.php\/wp-json\/wp\/v2\/pages\/957\/revisions\/1700"}],"wp:attachment":[{"href":"https:\/\/betz-gebaeude-service.de\/index.php\/wp-json\/wp\/v2\/media?parent=957"}],"curies":[{"name":"wp","href":"https:\/\/api.w.org\/{rel}","templated":true}]}}