{"id":4,"date":"2015-05-08T13:22:48","date_gmt":"2015-05-08T13:22:48","guid":{"rendered":"http:\/\/localhost\/wordpress\/renovate\/?page_id=4"},"modified":"2023-02-23T12:19:04","modified_gmt":"2023-02-23T11:19:04","slug":"home","status":"publish","type":"page","link":"https:\/\/betz-gebaeude-service.de\/","title":{"rendered":"Startseite"},"content":{"rendered":"<section class=\"wpb-content-wrapper\"><p>[vc_row type=&#8220;full-width&#8220;][vc_column][rev_slider_vc alias=&#8220;main&#8220;][\/vc_column][\/vc_row][vc_row][vc_column][announcement_box header=&#8220;Sie suchen nach einem Partner f\u00fcr Ihr Projekt?&#8220; header_expose=&#8220;Sprechen Sie uns gerne an. Wir beantworten in einem unverbindlichen Gespr\u00e4ch Ihre Fragen.&#8220; button_label=&#8220;Kontaktieren Sie uns&#8220; button_url=&#8220;https:\/\/betz-gebaeude-service.de\/kontakt&#8220; icon=&#8220;wallet&#8220; button_hover_text_color=&#8220;#ed1c24&#8243; button_size=&#8220;big&#8220; button_color=&#8220;#ed1c24&#8243; button_hover_color=&#8220;#ed1c24&#8243; button_text_color=&#8220;#ffffff&#8220;][\/vc_column][\/vc_row][vc_row type=&#8220;full-width&#8220; css=&#8220;.vc_custom_1432038815881{background-color: #f5f5f5 !important;}&#8220; el_class=&#8220;page-padding-top-section&#8220;][vc_column][vc_row_inner][vc_column_inner][box_header title=&#8220;Einige unserer Leistungen&#8220; type=&#8220;h2&#8243; bottom_border=&#8220;1&#8243;]<ul class=\"services-list clearfix page-margin-top\"><li class=\"vc_row wpb_row vc_row-fluid\"><ul><li><img loading=\"lazy\" decoding=\"async\" width=\"390\" height=\"219\" src=\"https:\/\/betz-gebaeude-service.de\/wp-content\/uploads\/2015\/05\/architecture-2567567_640.jpg\" class=\"attachment-medium-thumb size-medium-thumb wp-post-image\" alt=\"Innenbereich\" title=\"\" \/><h4 class=\"box-header\">Innenbereich<\/h4><p>Reinigungsarbeiten, Aufzugsbetreuung, \u00dcberwachung der Haustechnik, Reparaturarbeiten und vieles mehr z\u00e4hlt zum Innenbereich.<\/p>\n<\/li><li><img loading=\"lazy\" decoding=\"async\" width=\"390\" height=\"260\" src=\"https:\/\/betz-gebaeude-service.de\/wp-content\/uploads\/2015\/05\/IMG-20230122-WA0002-e1674572271105-390x260.jpg\" class=\"attachment-medium-thumb size-medium-thumb wp-post-image\" alt=\"Winterdienst\" title=\"\" srcset=\"https:\/\/betz-gebaeude-service.de\/wp-content\/uploads\/2015\/05\/IMG-20230122-WA0002-e1674572271105-390x260.jpg 390w, https:\/\/betz-gebaeude-service.de\/wp-content\/uploads\/2015\/05\/IMG-20230122-WA0002-e1674572271105-750x500.jpg 750w, https:\/\/betz-gebaeude-service.de\/wp-content\/uploads\/2015\/05\/IMG-20230122-WA0002-e1674572271105-570x380.jpg 570w, https:\/\/betz-gebaeude-service.de\/wp-content\/uploads\/2015\/05\/IMG-20230122-WA0002-e1674572271105-480x320.jpg 480w, https:\/\/betz-gebaeude-service.de\/wp-content\/uploads\/2015\/05\/IMG-20230122-WA0002-e1674572271105-270x180.jpg 270w\" sizes=\"auto, (max-width: 390px) 100vw, 390px\" \/><h4 class=\"box-header\">Winterdienst<\/h4><p>Unser gro\u00dfes Team sorgt auch bei Ihnen f\u00fcr freie Wege im Winter.<\/p>\n<\/li><li><img loading=\"lazy\" decoding=\"async\" width=\"390\" height=\"260\" src=\"https:\/\/betz-gebaeude-service.de\/wp-content\/uploads\/2015\/05\/front-yard-3409803_640.jpg\" class=\"attachment-medium-thumb size-medium-thumb wp-post-image\" alt=\"Au\u00dfenbereiche\" title=\"\" \/><h4 class=\"box-header\">Au\u00dfenbereiche<\/h4><p>Aussenreinigungen rund um Ihr Geb\u00e4ude, Gr\u00fcnpflege, Anlegen von Spielpl\u00e4tzen und Dachrinnenreinigungen z\u00e4hlen zu diesem Bereich.<\/p>\n<\/li><\/ul><\/li><\/ul>[\/vc_column_inner][\/vc_row_inner][vc_row_inner content_placement=&#8220;middle&#8220; type=&#8220;full-width&#8220; el_class=&#8220;align-center padding-top-54 padding-bottom-61&#8243;][vc_column_inner][vc_column_text]<a style=\"color: #5472d2;\" target=\"_blank\" href=\"https:\/\/betz-gebaeude-service.de\/index.php\/leistungen\/\" rel=\"noopener\">Alle unsere Leistungen<\/a>[\/vc_column_text][\/vc_column_inner][\/vc_row_inner][\/vc_column][\/vc_row][vc_section][\/vc_section][vc_row top_margin=&#8220;page-margin-top-section&#8220; css=&#8220;.vc_custom_1674568475055{padding-bottom: 25px !important;}&#8220;][vc_column][box_header title=&#8220;Einige unserer Projekte&#8220; type=&#8220;h2&#8243; bottom_border=&#8220;1&#8243;][\/vc_column][\/vc_row][vc_row type=&#8220;full-width&#8220;][vc_column][vc_row_inner equal_height=&#8220;yes&#8220;][vc_column_inner width=&#8220;1\/4&#8243;][vc_single_image image=&#8220;1017&#8243; img_size=&#8220;full&#8220;][\/vc_column_inner][vc_column_inner width=&#8220;1\/4&#8243;][vc_single_image image=&#8220;1018&#8243; img_size=&#8220;full&#8220;][\/vc_column_inner][vc_column_inner width=&#8220;1\/4&#8243;][vc_single_image image=&#8220;1095&#8243; img_size=&#8220;full&#8220;][\/vc_column_inner][vc_column_inner width=&#8220;1\/4&#8243;][vc_single_image image=&#8220;1020&#8243; img_size=&#8220;full&#8220;][\/vc_column_inner][\/vc_row_inner][\/vc_column][\/vc_row][vc_row type=&#8220;full-width&#8220; css=&#8220;.vc_custom_1674568923170{background-color: #ffffff !important;}&#8220; el_class=&#8220;align-center padding-top-54 padding-bottom-61&#8243;][vc_column][vc_column_text]<a style=\"color: #5472d2;\" href=\"https:\/\/betz-gebaeude-service.de\/index.php\/referenzen\/\" target=\"_blank\" rel=\"noopener\">Mehr Projekte<\/a>[\/vc_column_text][\/vc_column][\/vc_row][vc_row][vc_column][vc_empty_space height=&#8220;2px&#8220; css=&#8220;.vc_custom_1674570066377{background-color: #f5f5f5 !important;}&#8220;][\/vc_column][\/vc_row]<\/p>\n<\/section>","protected":false},"excerpt":{"rendered":"<p>[vc_row type=&#8220;full-width&#8220;][vc_column][rev_slider_vc alias=&#8220;main&#8220;][\/vc_column][\/vc_row][vc_row][vc_column][announcement_box header=&#8220;Sie suchen nach einem Partner f\u00fcr Ihr Projekt?&#8220; header_expose=&#8220;Sprechen Sie uns gerne an. Wir beantworten in einem unverbindlichen Gespr\u00e4ch Ihre Fragen.&#8220; button_label=&#8220;Kontaktieren Sie uns&#8220; button_url=&#8220;https:\/\/betz-gebaeude-service.de\/kontakt&#8220; icon=&#8220;wallet&#8220; button_hover_text_color=&#8220;#ed1c24&#8243; button_size=&#8220;big&#8220; button_color=&#8220;#ed1c24&#8243; button_hover_color=&#8220;#ed1c24&#8243; button_text_color=&#8220;#ffffff&#8220;][\/vc_column][\/vc_row][vc_row type=&#8220;full-width&#8220; css=&#8220;.vc_custom_1432038815881{background-color: #f5f5f5 !important;}&#8220; el_class=&#8220;page-padding-top-section&#8220;][vc_column][vc_row_inner][vc_column_inner][box_header title=&#8220;Einige unserer Leistungen&#8220; type=&#8220;h2&#8243; bottom_border=&#8220;1&#8243;][\/vc_column_inner][\/vc_row_inner][vc_row_inner content_placement=&#8220;middle&#8220; type=&#8220;full-width&#8220; el_class=&#8220;align-center padding-top-54 padding-bottom-61&#8243;][vc_column_inner][vc_column_text]Alle unsere Leistungen[\/vc_column_text][\/vc_column_inner][\/vc_row_inner][\/vc_column][\/vc_row][vc_section][\/vc_section][vc_row top_margin=&#8220;page-margin-top-section&#8220; css=&#8220;.vc_custom_1674568475055{padding-bottom: 25px !important;}&#8220;][vc_column][box_header<\/p>\n","protected":false},"author":1,"featured_media":0,"parent":0,"menu_order":0,"comment_status":"open","ping_status":"open","template":"template-default-without-breadcrumbs.php","meta":{"_monsterinsights_skip_tracking":false,"_monsterinsights_sitenote_active":false,"_monsterinsights_sitenote_note":"","_monsterinsights_sitenote_category":0,"footnotes":""},"class_list":["post-4","page","type-page","status-publish","hentry"],"_links":{"self":[{"href":"https:\/\/betz-gebaeude-service.de\/index.php\/wp-json\/wp\/v2\/pages\/4","targetHints":{"allow":["GET"]}}],"collection":[{"href":"https:\/\/betz-gebaeude-service.de\/index.php\/wp-json\/wp\/v2\/pages"}],"about":[{"href":"https:\/\/betz-gebaeude-service.de\/index.php\/wp-json\/wp\/v2\/types\/page"}],"author":[{"embeddable":true,"href":"https:\/\/betz-gebaeude-service.de\/index.php\/wp-json\/wp\/v2\/users\/1"}],"replies":[{"embeddable":true,"href":"https:\/\/betz-gebaeude-service.de\/index.php\/wp-json\/wp\/v2\/comments?post=4"}],"version-history":[{"count":64,"href":"https:\/\/betz-gebaeude-service.de\/index.php\/wp-json\/wp\/v2\/pages\/4\/revisions"}],"predecessor-version":[{"id":1395,"href":"https:\/\/betz-gebaeude-service.de\/index.php\/wp-json\/wp\/v2\/pages\/4\/revisions\/1395"}],"wp:attachment":[{"href":"https:\/\/betz-gebaeude-service.de\/index.php\/wp-json\/wp\/v2\/media?parent=4"}],"curies":[{"name":"wp","href":"https:\/\/api.w.org\/{rel}","templated":true}]}}