{"id":203,"date":"2015-05-25T12:55:10","date_gmt":"2015-05-25T12:55:10","guid":{"rendered":"http:\/\/localhost\/wordpress\/renovate\/?page_id=203"},"modified":"2023-07-26T09:34:39","modified_gmt":"2023-07-26T07:34:39","slug":"wir-uber-uns","status":"publish","type":"page","link":"https:\/\/betz-gebaeude-service.de\/index.php\/wir-uber-uns\/","title":{"rendered":"Wir \u00fcber uns"},"content":{"rendered":"<section class=\"wpb-content-wrapper\"><p>[vc_row el_class=&#8220;margin-top-70&#8243;][vc_column][box_header title=&#8220;\u00dcber uns&#8220; type=&#8220;h2&#8243; bottom_border=&#8220;1&#8243; class=&#8220;align-left&#8220;][vc_column_text]<\/p>\n<h4><strong>Betz Geb\u00e4ude-Service &#8211; Ihr zuverl\u00e4ssiger Partner rund ums Haus!<\/strong><\/h4>\n<p>&nbsp;<\/p>\n<p>Alles begann im Jahr 2007 als \u201eEin-Mann-Betrieb\u201c. Zu dieser Zeit drehte sich alles ums Rasenm\u00e4hen auf einem Campingplatz.<\/p>\n<p>Nun sind wir seit 2009 als Hausmeisterservice im gesamten Landkreis G\u00f6ppingen t\u00e4tig. Daher k\u00f6nnen wir auf eine langj\u00e4hrige<br \/>\npers\u00f6nliche Erfahrung zur\u00fcckblicken.<\/p>\n<p>&nbsp;<\/p>\n<p>Als kleiner Betrieb gestartet, konnten wir uns bis heute zu einem Team mit \u00fcber 30 Mitarbeiter*innen entwickeln.<\/p>\n<p>Aus den verschiedenen Leistungen wie bspw. Unterhaltsreinigung, Glasreinigung, Gr\u00fcnpflege, M\u00fcllbereitstellung, Winterdienst, etc.<br \/>\nk\u00f6nnen Sie sich Ihr individuelles Rundum-sorglos-Paket zusammenstellen.<br \/>\nEinen visuellen \u00dcberblick \u00fcber unsere Leistungen erhalten Sie in unserer Galerie oder auf unserer Instagram-Seite.<\/p>\n<p>Wir gehen gerne auf Ihre Vorstellungen, W\u00fcnsche und Anforderungen ein und entwickeln somit gemeinsam das perfekte Konzept f\u00fcr Ihr Objekt.<\/p>\n<p>Unsere Vertragskundschaft kann sich aufgrund unserer Notdienst-Bereitschaft 24 Stunden am Tag auf uns verlassen.<\/p>\n<p>&nbsp;<\/p>\n<p>Unser Ziel ist es, jeden Tag ein wenig besser zu sein, als gestern. Das ist allerdings gar nicht so eine leichte Aufgabe und gelingt uns auch nicht immer.<br \/>\nDennoch arbeiten wir mit ganzer Kraft daran. Wir m\u00f6chten schlie\u00dflich, dass unsere Kundschaft gerne unsere Kundschaft ist und bleibt.[\/vc_column_text][\/vc_column][\/vc_row]<\/p>\n<\/section>","protected":false},"excerpt":{"rendered":"<p>[vc_row el_class=&#8220;margin-top-70&#8243;][vc_column][box_header title=&#8220;\u00dcber uns&#8220; type=&#8220;h2&#8243; bottom_border=&#8220;1&#8243; class=&#8220;align-left&#8220;][vc_column_text] Betz Geb\u00e4ude-Service &#8211; Ihr zuverl\u00e4ssiger Partner rund ums Haus! &nbsp; Alles begann im Jahr 2007 als \u201eEin-Mann-Betrieb\u201c. Zu dieser Zeit drehte sich alles ums Rasenm\u00e4hen auf einem Campingplatz. Nun sind wir seit 2009 als Hausmeisterservice im gesamten Landkreis G\u00f6ppingen t\u00e4tig. Daher k\u00f6nnen wir auf eine langj\u00e4hrige pers\u00f6nliche Erfahrung<\/p>\n","protected":false},"author":1,"featured_media":0,"parent":0,"menu_order":0,"comment_status":"open","ping_status":"open","template":"","meta":{"_monsterinsights_skip_tracking":false,"_monsterinsights_sitenote_active":false,"_monsterinsights_sitenote_note":"","_monsterinsights_sitenote_category":0,"footnotes":""},"class_list":["post-203","page","type-page","status-publish","hentry"],"_links":{"self":[{"href":"https:\/\/betz-gebaeude-service.de\/index.php\/wp-json\/wp\/v2\/pages\/203","targetHints":{"allow":["GET"]}}],"collection":[{"href":"https:\/\/betz-gebaeude-service.de\/index.php\/wp-json\/wp\/v2\/pages"}],"about":[{"href":"https:\/\/betz-gebaeude-service.de\/index.php\/wp-json\/wp\/v2\/types\/page"}],"author":[{"embeddable":true,"href":"https:\/\/betz-gebaeude-service.de\/index.php\/wp-json\/wp\/v2\/users\/1"}],"replies":[{"embeddable":true,"href":"https:\/\/betz-gebaeude-service.de\/index.php\/wp-json\/wp\/v2\/comments?post=203"}],"version-history":[{"count":19,"href":"https:\/\/betz-gebaeude-service.de\/index.php\/wp-json\/wp\/v2\/pages\/203\/revisions"}],"predecessor-version":[{"id":1578,"href":"https:\/\/betz-gebaeude-service.de\/index.php\/wp-json\/wp\/v2\/pages\/203\/revisions\/1578"}],"wp:attachment":[{"href":"https:\/\/betz-gebaeude-service.de\/index.php\/wp-json\/wp\/v2\/media?parent=203"}],"curies":[{"name":"wp","href":"https:\/\/api.w.org\/{rel}","templated":true}]}}