{"id":1001,"date":"2019-11-14T11:19:35","date_gmt":"2019-11-14T10:19:35","guid":{"rendered":"https:\/\/betz-gebaeude-service.de\/?page_id=1001"},"modified":"2023-07-25T13:59:02","modified_gmt":"2023-07-25T11:59:02","slug":"jobs","status":"publish","type":"page","link":"https:\/\/betz-gebaeude-service.de\/index.php\/jobs\/","title":{"rendered":"Jobs"},"content":{"rendered":"<section class=\"wpb-content-wrapper\"><p>[vc_row][vc_column][vc_empty_space][vc_empty_space][vc_empty_space][vc_column_text]<\/p>\n<h4 style=\"text-align: center;\" align=\"left\"><strong>Wir sind immer auf der Suche nach zuverl\u00e4ssigem Personal und w\u00fcrden uns freuen,<\/strong><\/h4>\n<h4 style=\"text-align: center;\" align=\"left\"><strong>Sie in unserem Team willkommen zu hei\u00dfen.<\/strong><\/h4>\n<p>&nbsp;<\/p>\n<p>&nbsp;<\/p>\n<p>&nbsp;<\/p>\n<h5 style=\"text-align: center;\" align=\"left\"><span style=\"color: #000000;\">F\u00fcr aktuelle Stellen, kontaktieren Sie uns einfach.<\/span><\/h5>\n<p style=\"text-align: center;\" align=\"left\"><span style=\"color: #000000;\">Entweder per Mail, Telefon oder \u00fcber das Kontaktformular.<\/span><\/p>\n<p>&nbsp;<\/p>\n<p>&nbsp;<\/p>\n<p>&nbsp;<\/p>\n<p style=\"text-align: center;\"><strong>Wir freuen uns!<\/strong><\/p>\n<p>[\/vc_column_text][\/vc_column][\/vc_row][vc_row][vc_column][featured_item icon=&#8220;team&#8220; type=&#8220;big&#8220; title_link=&#8220;1&#8243; icon_link=&#8220;1&#8243;][\/featured_item][\/vc_column][\/vc_row]<\/p>\n<\/section>","protected":false},"excerpt":{"rendered":"<p>[vc_row][vc_column][vc_empty_space][vc_empty_space][vc_empty_space][vc_column_text] Wir sind immer auf der Suche nach zuverl\u00e4ssigem Personal und w\u00fcrden uns freuen, Sie in unserem Team willkommen zu hei\u00dfen. &nbsp; &nbsp; &nbsp; F\u00fcr aktuelle Stellen, kontaktieren Sie uns einfach. Entweder per Mail, Telefon oder \u00fcber das Kontaktformular. &nbsp; &nbsp; &nbsp; Wir freuen uns! [\/vc_column_text][\/vc_column][\/vc_row][vc_row][vc_column][featured_item icon=&#8220;team&#8220; type=&#8220;big&#8220; title_link=&#8220;1&#8243; icon_link=&#8220;1&#8243;][\/featured_item][\/vc_column][\/vc_row]<\/p>\n","protected":false},"author":1,"featured_media":0,"parent":0,"menu_order":0,"comment_status":"closed","ping_status":"closed","template":"","meta":{"_monsterinsights_skip_tracking":false,"_monsterinsights_sitenote_active":false,"_monsterinsights_sitenote_note":"","_monsterinsights_sitenote_category":0,"footnotes":""},"class_list":["post-1001","page","type-page","status-publish","hentry"],"_links":{"self":[{"href":"https:\/\/betz-gebaeude-service.de\/index.php\/wp-json\/wp\/v2\/pages\/1001","targetHints":{"allow":["GET"]}}],"collection":[{"href":"https:\/\/betz-gebaeude-service.de\/index.php\/wp-json\/wp\/v2\/pages"}],"about":[{"href":"https:\/\/betz-gebaeude-service.de\/index.php\/wp-json\/wp\/v2\/types\/page"}],"author":[{"embeddable":true,"href":"https:\/\/betz-gebaeude-service.de\/index.php\/wp-json\/wp\/v2\/users\/1"}],"replies":[{"embeddable":true,"href":"https:\/\/betz-gebaeude-service.de\/index.php\/wp-json\/wp\/v2\/comments?post=1001"}],"version-history":[{"count":10,"href":"https:\/\/betz-gebaeude-service.de\/index.php\/wp-json\/wp\/v2\/pages\/1001\/revisions"}],"predecessor-version":[{"id":1564,"href":"https:\/\/betz-gebaeude-service.de\/index.php\/wp-json\/wp\/v2\/pages\/1001\/revisions\/1564"}],"wp:attachment":[{"href":"https:\/\/betz-gebaeude-service.de\/index.php\/wp-json\/wp\/v2\/media?parent=1001"}],"curies":[{"name":"wp","href":"https:\/\/api.w.org\/{rel}","templated":true}]}}